{"id":41929,"date":"2014-08-10T09:54:59","date_gmt":"2014-08-10T09:54:59","guid":{"rendered":"https:\/\/helseforhandleren.no\/buttik\/non%20class\u00e9\/baldron-mistletreeessence-circle-of-life-6-30-ml\/"},"modified":"2024-04-05T09:50:48","modified_gmt":"2024-04-05T09:50:48","slug":"baldron-mistletreeessence-circle-of-life-6-30-ml","status":"publish","type":"product","link":"https:\/\/helseforhandleren.no\/fr\/magasin\/helse-fr-2\/blomsteressenser-fr\/baldron-essenser-fr\/baldron-mistletreeessence-circle-of-life-6-30-ml\/","title":{"rendered":"BALDRON MistleTreeEssence, Circle of Life 6 (30 ml)"},"content":{"rendered":"<p>BALDRON MistleTreeEssence, Circle of Life 6 (30 ml) Harmonie (Essence de souffle)<\/p>\n<p>Lumi\u00e8re. \u00c9galisation et harmonie. Sensation corporelle confortable. Syst\u00e8me respiratoire.<\/p>\n<p>BALDRON MistleTreeEssence, Circle of Life 6 (30 ml)<\/p>\n<p><strong>Harmoniessens<\/strong><\/p>\n<p><strong>(Essence of Breath)<\/strong><\/p>\n<p>Misteltein p\u00e5 eple<\/p>\n<p>Lys. Utligning og harmoni. Velbehagelig kroppsf\u00f8lelse. \u00c5ndedrettsorganer.<\/p>\n<p>&nbsp;<\/p>\n<p>\u00c5 forbinde seg med pusten, betyr \u00e5 forbinde seg med livet. Vi puster oss bokstavelig talt inn i livet. Luften vi puster, deler vi med alle andre mennesker. I det vi \u00e5nder dypt og rolig inn, er hele verden p\u00e5 \u201dbes\u00f8k\u201d i v\u00e5re lunger, for i neste \u00f8yeblikk \u00e5 vende seg om, i det vi puster ut og str\u00f8mmer med luften ut i hele omkretsen. Denne rytmen er en indre lysprosess.<\/p>\n<p>&nbsp;<\/p>\n<p>Harmoniessensen styrker et sterkt og sunt \u00e5ndedrett. Den gir sjelen letthet og glede og virker harmoniserende p\u00e5 hele sjelelivet. Kroppen blir avspent, og sjelen kan forbinde seg med legemet, den faller s\u00e5 \u00e5 si inn i kroppen som i en myk sofa.<\/p>\n<p>&nbsp;<\/p>\n<p>Harmoniessens st\u00e5r ogs\u00e5 for utlikning og harmoni som prinsipp. N\u00e5r noe er for lite eller for mye, g\u00e5r for sterkt inn eller for langt ut, er denne essensen en hjelper for \u00e5 skape balanse. Den hjelper oss \u00e5 finne det rette forhold til verden, slik at sjelen ikke g\u00e5r for langt ut eller trekker seg for langt inn.<\/p>\n<p>&nbsp;<\/p>\n<p><strong>Utfordring:<\/strong><\/p>\n<p>Ved problemer med pust eller rytme.<\/p>\n<p>N\u00e5r sjelen er forstyrret i sitt forhold til verden i en eller annen retning.<\/p>\n<p>N\u00e5r sjelen reagerer for sterkt p\u00e5 inntrykk fra ytterverdenen \u2013 eller holder seg for sterkt tilbake.<\/p>\n<p>&nbsp;<\/p>\n<p><strong>Forvandling:<\/strong><\/p>\n<p>F\u00f8lelsen forbinder seg sterkere med pusten. Den g\u00e5r med letthet og glede inn i \u00e5ndedrettesstr\u00f8mmen.<\/p>\n<p>Som essens for det rytmiske system, er \u00e5ndedrettsessensen en typisk \u201dparadoks hjelper\u201d: Den gj\u00f8r sjelen lett og beveget, men samtidig velbehagelig og tung \u2013 alt etter behov. Harmoniessensen skaper utligning og balanse: Jeg hviler i meg selv og kan \u00e5pne meg for verden.<\/p>\n<p>&nbsp;<\/p>\n<p><strong>Dyr:<\/strong><\/p>\n<p>Misteltein p\u00e5 eple har et spesielt forhold til pattedyr. Det er de dyrene som mest har et \u201dpersonlig\u201d f\u00f8lelsesuttrykk. Ja, egentlig kan vi si at de <em>er<\/em> legemliggjorte sjelestemninger, som de fortheksede dyrene i eventyr og fabler. Misteltein p\u00e5 eple viser oss et fremtidsperspektiv: De vil ikke forbli evig fanget i sine egne vesensgeberder; de skal ogs\u00e5 en dag f\u00e5 erfare frihet.<\/p>\n<p>&nbsp;<\/p>\n<p><strong>Affirmasjon:<\/strong><\/p>\n<p>\u201dAlt blir godt\u201d<\/p>\n","protected":false},"excerpt":{"rendered":"<p>BALDRON MistleTreeEssence,<\/p>\n<p>Circle of Life 6 (30 ml) Harmonie (Essence de souffle)<\/p>\n<p>Lumi\u00e8re. \u00c9galisation et harmonie. Sensation corporelle confortable. Syst\u00e8me respiratoire.<\/p>\n","protected":false},"featured_media":83531,"comment_status":"closed","ping_status":"closed","template":"","meta":[],"product_brand":[],"product_cat":[1728,1741,2495,1839],"product_tag":[],"class_list":{"0":"post-41929","1":"product","2":"type-product","3":"status-publish","4":"has-post-thumbnail","6":"product_cat-baldron-essenser-fr","7":"product_cat-circle-of-life-fr-2","8":"product_cat-enkelt-essenser-fr","9":"product_cat-essences-individuelles","10":"pa_volum-10-ml-fr","11":"pa_volum-30-ml-fr","13":"first","14":"instock","15":"taxable","16":"shipping-taxable","17":"purchasable","18":"product-type-variable"},"_links":{"self":[{"href":"https:\/\/helseforhandleren.no\/fr\/wp-json\/wp\/v2\/product\/41929","targetHints":{"allow":["GET"]}}],"collection":[{"href":"https:\/\/helseforhandleren.no\/fr\/wp-json\/wp\/v2\/product"}],"about":[{"href":"https:\/\/helseforhandleren.no\/fr\/wp-json\/wp\/v2\/types\/product"}],"replies":[{"embeddable":true,"href":"https:\/\/helseforhandleren.no\/fr\/wp-json\/wp\/v2\/comments?post=41929"}],"wp:featuredmedia":[{"embeddable":true,"href":"https:\/\/helseforhandleren.no\/fr\/wp-json\/wp\/v2\/media\/83531"}],"wp:attachment":[{"href":"https:\/\/helseforhandleren.no\/fr\/wp-json\/wp\/v2\/media?parent=41929"}],"wp:term":[{"taxonomy":"product_brand","embeddable":true,"href":"https:\/\/helseforhandleren.no\/fr\/wp-json\/wp\/v2\/product_brand?post=41929"},{"taxonomy":"product_cat","embeddable":true,"href":"https:\/\/helseforhandleren.no\/fr\/wp-json\/wp\/v2\/product_cat?post=41929"},{"taxonomy":"product_tag","embeddable":true,"href":"https:\/\/helseforhandleren.no\/fr\/wp-json\/wp\/v2\/product_tag?post=41929"}],"curies":[{"name":"wp","href":"https:\/\/api.w.org\/{rel}","templated":true}]}}