{"id":41930,"date":"2014-08-10T09:54:59","date_gmt":"2014-08-10T09:54:59","guid":{"rendered":"https:\/\/helseforhandleren.no\/buttik\/non%20class\u00e9\/baldron-mistletreeessence-circle-of-life-5-30-ml\/"},"modified":"2024-04-05T09:50:48","modified_gmt":"2024-04-05T09:50:48","slug":"baldron-mistletreeessence-circle-of-life-5-30-ml","status":"publish","type":"product","link":"https:\/\/helseforhandleren.no\/fr\/magasin\/helse-fr-2\/blomsteressenser-fr\/baldron-essenser-fr\/baldron-mistletreeessence-circle-of-life-5-30-ml\/","title":{"rendered":"BALDRON MistleTreeEssence, Circle of Life 5 (30 ml)"},"content":{"rendered":"<p id=\"tw-target-text\" class=\"tw-data-text tw-text-large XcVN5d tw-ta\" dir=\"ltr\" data-placeholder=\"\u00dcbersetzung\"><span lang=\"fr\">BALDRON MistleTreeEssence, Circle of Life 5 (30 ml) Licence papillon (Essence de papillons) Gui sur Bj\u00f8rk Vigilance et centrage. Bonheur. Conscience du chakra pin\u00e9al (\u00ab\u00a0Le troisi\u00e8me \u0153il\u00a0\u00bb). Richesse des couleurs. L&rsquo;oeil. Confiance en ses propres capacit\u00e9s. L&rsquo;int\u00e9r\u00eat Parmi les sens, l&rsquo;\u0153il est en t\u00eate: l&rsquo;\u0153il saisit et s\u00e9lectionne, tandis que les sens tels que l&rsquo;odorat, le go\u00fbt et le toucher, oui, m\u00eame l&rsquo;oreille est plus r\u00eaveuse, \u00e9coute retir\u00e9e. Les chakras sont \u00e9galement des organes sensoriels pour une activit\u00e9 sensorielle spirituelle qui n&rsquo;est encore que partiellement d\u00e9velopp\u00e9e. La plupart des gens ressentent encore la sensation intestinale dans le plexus solaire ou la sensation profonde dans l&rsquo;organe cardiaque. Le chakra du front entre les sourcils joue un r\u00f4le particulier parmi ces organes sensoriels spirituels, car gr\u00e2ce \u00e0 son pouvoir de centrage, il ouvre une porte \u00e0 la sensation spirituelle. Ce n&rsquo;est pas sans raison qu&rsquo;on parle de \u00abclairvoyance\u00bb et de \u00abspectacle spirituel\u00bb. Tandis que l&rsquo;\u0153il saisit le monde avec ses tentacules et se l&rsquo;approprie, point par point, un spectacle spirituel est plus un \u00abspectacle d&rsquo;\u00e9coute\u00bb, un spectacle attentif dans le p\u00e9rim\u00e8tre. Cette qualit\u00e9 est li\u00e9e \u00e0 V\u00e9nus, telle qu&rsquo;elle est exprim\u00e9e dans le bouleau. D\u00e9fi: Pens\u00e9es agit\u00e9es, \u00ab\u00a0Monkey Mind\u00a0\u00bb Manque de pr\u00e9sence, fuite des pens\u00e9es Par d\u00e9sint\u00e9r\u00eat et stupidit\u00e9; quand tout est v\u00e9cu en gris Lorsque vous vous fermez du monde et que vous vous concentrez sur vous-m\u00eame Transformation: L&rsquo;essence du gui sur le bouleau aide \u00e0 rester \u00e9veill\u00e9 dans les sens et ainsi \u00e0 atteindre le supersensible. Les impressions sensorielles sont individualis\u00e9es. La vigilance sensorielle se transforme en pouvoir de pens\u00e9e total dans le chakra pin\u00e9al. A partir de l\u00e0, l&rsquo;esprit peut \u00eatre transform\u00e9 en attention dans le p\u00e9rim\u00e8tre. L&rsquo;homme qui s&rsquo;\u00e9veille voit le spirituel actif dans le terrestre. L&rsquo;homme s&rsquo;\u00e9veille au monde sensoriel et par une vigilance accrue \u00e9galement au supersensible qui est derri\u00e8re les manifestations physiques. Le gui de bouleau est aussi l&rsquo;essence des papillons et des oiseaux: l&rsquo;homme se r\u00e9veille dans le monde des esprits &#8211; il se glisse hors du cocon qu&rsquo;il a fil\u00e9 des pens\u00e9es intellectuelles &#8211; et commence \u00e0 voler dans les prairies du ciel. Gr\u00e2ce \u00e0 la puissance accumul\u00e9e du Pinealchakra, il ne flotte pas comme un papillon de fleur en fleur, mais est capable de suivre d\u00e9lib\u00e9r\u00e9ment un train de pens\u00e9es. Cela ouvre un monde color\u00e9 de lumi\u00e8re. Ce sont les couleurs pures de l&rsquo;arc-en-ciel, comme on peut les admirer dans le plumage des oiseaux. Animal: Essence pour les animaux volants color\u00e9s; les oiseaux et les papillons. Affirmation: \u00ab\u00a0Mes pens\u00e9es sont les bras du soleil spirituel\u00a0\u00bb<\/span><\/p>\n","protected":false},"excerpt":{"rendered":"<p id=\"tw-target-text\" class=\"tw-data-text tw-text-large XcVN5d tw-ta\" dir=\"ltr\" data-placeholder=\"\u00dcbersetzung\"><span lang=\"fr\">MistleTreeEssence, Circle of Life 5 (30 ml) Licence papillon (Essence de papillons) Vigilance et centrage. Bonheur. Conscience du chakra pin\u00e9al (\u00ab\u00a0Le troisi\u00e8me \u0153il\u00a0\u00bb). Richesse des couleurs. L&rsquo;oeil. Confiance en ses propres capacit\u00e9s. L&rsquo;int\u00e9r\u00eat<\/span><\/p>\n","protected":false},"featured_media":83534,"comment_status":"closed","ping_status":"closed","template":"","meta":[],"product_brand":[],"product_cat":[1728,1741,2495,1839],"product_tag":[],"class_list":{"0":"post-41930","1":"product","2":"type-product","3":"status-publish","4":"has-post-thumbnail","6":"product_cat-baldron-essenser-fr","7":"product_cat-circle-of-life-fr-2","8":"product_cat-enkelt-essenser-fr","9":"product_cat-essences-individuelles","10":"pa_volum-10-ml-fr","11":"pa_volum-30-ml-fr","13":"first","14":"instock","15":"taxable","16":"shipping-taxable","17":"purchasable","18":"product-type-variable"},"_links":{"self":[{"href":"https:\/\/helseforhandleren.no\/fr\/wp-json\/wp\/v2\/product\/41930","targetHints":{"allow":["GET"]}}],"collection":[{"href":"https:\/\/helseforhandleren.no\/fr\/wp-json\/wp\/v2\/product"}],"about":[{"href":"https:\/\/helseforhandleren.no\/fr\/wp-json\/wp\/v2\/types\/product"}],"replies":[{"embeddable":true,"href":"https:\/\/helseforhandleren.no\/fr\/wp-json\/wp\/v2\/comments?post=41930"}],"wp:featuredmedia":[{"embeddable":true,"href":"https:\/\/helseforhandleren.no\/fr\/wp-json\/wp\/v2\/media\/83534"}],"wp:attachment":[{"href":"https:\/\/helseforhandleren.no\/fr\/wp-json\/wp\/v2\/media?parent=41930"}],"wp:term":[{"taxonomy":"product_brand","embeddable":true,"href":"https:\/\/helseforhandleren.no\/fr\/wp-json\/wp\/v2\/product_brand?post=41930"},{"taxonomy":"product_cat","embeddable":true,"href":"https:\/\/helseforhandleren.no\/fr\/wp-json\/wp\/v2\/product_cat?post=41930"},{"taxonomy":"product_tag","embeddable":true,"href":"https:\/\/helseforhandleren.no\/fr\/wp-json\/wp\/v2\/product_tag?post=41930"}],"curies":[{"name":"wp","href":"https:\/\/api.w.org\/{rel}","templated":true}]}}