{"id":41931,"date":"2014-08-10T09:54:58","date_gmt":"2014-08-10T09:54:58","guid":{"rendered":"https:\/\/helseforhandleren.no\/buttik\/non%20class\u00e9\/baldron-mistletreeessence-circle-of-life-4-30-ml\/"},"modified":"2024-04-05T09:50:57","modified_gmt":"2024-04-05T09:50:57","slug":"baldron-mistletreeessence-circle-of-life-4-30-ml","status":"publish","type":"product","link":"https:\/\/helseforhandleren.no\/fr\/magasin\/helse-fr-2\/blomsteressenser-fr\/baldron-essenser-fr\/baldron-mistletreeessence-circle-of-life-4-30-ml\/","title":{"rendered":"BALDRON MistleTreeEssence, Circle of Life 4, 30 ml"},"content":{"rendered":"<p id=\"tw-target-text\" class=\"tw-data-text tw-text-large XcVN5d tw-ta\" dir=\"ltr\" data-placeholder=\"\u00dcbersetzung\"><span lang=\"fr\">BALDRON MistleTreeEssence, Circle of Life 4, 30 ml <\/span><\/p>\n<p class=\"tw-data-text tw-text-large XcVN5d tw-ta\" dir=\"ltr\" data-placeholder=\"\u00dcbersetzung\"><span lang=\"fr\">L&rsquo;essence de la maternit\u00e9 (Essence de la m\u00e8re) Loranthus &#8211; Gui sur ch\u00eane frange <\/span><\/p>\n<p class=\"tw-data-text tw-text-large XcVN5d tw-ta\" dir=\"ltr\" data-placeholder=\"\u00dcbersetzung\"><span lang=\"fr\">L&rsquo;essence de la r\u00e9ceptivit\u00e9,\u00a0<\/span><span lang=\"fr\">l&rsquo;essence de la conception et de la grossesse, la respiration l\u00e9g\u00e8re, la r\u00e9ception lumineuse, la source primordiale de l&rsquo;amour maternel, l&rsquo;ensemble de l&rsquo;organisme. Contact avec sa propre m\u00e8re et sa propre f\u00e9minit\u00e9. Susceptibilit\u00e9 active. Capacit\u00e9 \u00e0 accueillir, transporter, envelopper. la vie! \u00ab\u00a0<\/span><\/p>\n","protected":false},"excerpt":{"rendered":"<p id=\"tw-target-text\" class=\"tw-data-text tw-text-large XcVN5d tw-ta\" dir=\"ltr\" data-placeholder=\"\u00dcbersetzung\"><span lang=\"fr\">BALDRON MistleTreeEssence, Circle of Life 4, 30 ml <\/span><\/p>\n<p class=\"tw-data-text tw-text-large XcVN5d tw-ta\" dir=\"ltr\" data-placeholder=\"\u00dcbersetzung\"><span lang=\"fr\">L&rsquo;essence de la maternit\u00e9 (Essence de la m\u00e8re) Loranthus &#8211; Gui sur ch\u00eane frange<\/span><\/p>\n<p id=\"tw-target-text\" class=\"tw-data-text tw-text-large XcVN5d tw-ta\" dir=\"ltr\" data-placeholder=\"\u00dcbersetzung\"><span lang=\"fr\">L&rsquo;essence de la r\u00e9ceptivit\u00e9, l&rsquo;essence de la conception et de la grossesse, la respiration l\u00e9g\u00e8re, la r\u00e9ception lumineuse, la source primordiale de l&rsquo;amour maternel, l&rsquo;ensemble de l&rsquo;organisme. Contact avec sa propre m\u00e8re et sa propre f\u00e9minit\u00e9. Susceptibilit\u00e9 active. Capacit\u00e9 \u00e0 accueillir, transporter, envelopper.<\/span><\/p>\n","protected":false},"featured_media":83537,"comment_status":"closed","ping_status":"closed","template":"","meta":[],"product_brand":[],"product_cat":[1728,1741,2495,1839],"product_tag":[],"class_list":{"0":"post-41931","1":"product","2":"type-product","3":"status-publish","4":"has-post-thumbnail","6":"product_cat-baldron-essenser-fr","7":"product_cat-circle-of-life-fr-2","8":"product_cat-enkelt-essenser-fr","9":"product_cat-essences-individuelles","10":"pa_volum-10-ml-fr","11":"pa_volum-30-ml-fr","13":"first","14":"instock","15":"taxable","16":"shipping-taxable","17":"purchasable","18":"product-type-variable"},"_links":{"self":[{"href":"https:\/\/helseforhandleren.no\/fr\/wp-json\/wp\/v2\/product\/41931","targetHints":{"allow":["GET"]}}],"collection":[{"href":"https:\/\/helseforhandleren.no\/fr\/wp-json\/wp\/v2\/product"}],"about":[{"href":"https:\/\/helseforhandleren.no\/fr\/wp-json\/wp\/v2\/types\/product"}],"replies":[{"embeddable":true,"href":"https:\/\/helseforhandleren.no\/fr\/wp-json\/wp\/v2\/comments?post=41931"}],"wp:featuredmedia":[{"embeddable":true,"href":"https:\/\/helseforhandleren.no\/fr\/wp-json\/wp\/v2\/media\/83537"}],"wp:attachment":[{"href":"https:\/\/helseforhandleren.no\/fr\/wp-json\/wp\/v2\/media?parent=41931"}],"wp:term":[{"taxonomy":"product_brand","embeddable":true,"href":"https:\/\/helseforhandleren.no\/fr\/wp-json\/wp\/v2\/product_brand?post=41931"},{"taxonomy":"product_cat","embeddable":true,"href":"https:\/\/helseforhandleren.no\/fr\/wp-json\/wp\/v2\/product_cat?post=41931"},{"taxonomy":"product_tag","embeddable":true,"href":"https:\/\/helseforhandleren.no\/fr\/wp-json\/wp\/v2\/product_tag?post=41931"}],"curies":[{"name":"wp","href":"https:\/\/api.w.org\/{rel}","templated":true}]}}