{"id":41942,"date":"2014-08-10T09:51:55","date_gmt":"2014-08-10T09:51:55","guid":{"rendered":"https:\/\/helseforhandleren.no\/buttik\/non%20class\u00e9\/baldron-mistletreeessences-circle-of-life-set-30ml\/"},"modified":"2024-04-05T09:51:10","modified_gmt":"2024-04-05T09:51:10","slug":"baldron-mistletreeessences-circle-of-life-set-30ml","status":"publish","type":"product","link":"https:\/\/helseforhandleren.no\/fr\/magasin\/helse\/blomsteressenser\/baldron-essenser\/baldron-mistletreeessences-circle-of-life-set-30ml\/","title":{"rendered":"BALDRON MistleTreeEssences Circle of Life Set, 30ml"},"content":{"rendered":"<p id=\"tw-target-text\" class=\"tw-data-text tw-text-large XcVN5d tw-ta\" dir=\"ltr\" data-placeholder=\"\u00dcbersetzung\"><span lang=\"fr\">Le gui pousse sur de nombreux types d&rsquo;arbres. Ils se nourrissent directement de la s\u00e8ve de l&rsquo;arbre, tout en redonnant \u00e0 un niveau \u00e9nerg\u00e9tique. Les cultures traditionnelles d&rsquo;arbres fruitiers ont toujours d\u00e9lib\u00e9r\u00e9ment utilis\u00e9 la greffe de gui pour am\u00e9liorer la qualit\u00e9, par ex. pommes. En raison de cette symbiose particuli\u00e8re, les arbres de gui peuvent \u00eatre consid\u00e9r\u00e9s comme des \u00eatres \u00e0 un stade de d\u00e9veloppement plus \u00e9lev\u00e9. Lorsque vous fabriquez ensuite un m\u00e9dicament pour fleurs \u00e0 partir de cette association v\u00e9g\u00e9tale exalt\u00e9e, quelque chose de tr\u00e8s sp\u00e9cial se produit: l&rsquo;essence de l&rsquo;h\u00f4te et du gui se connecte dans une unit\u00e9 sup\u00e9rieure qui, via la m\u00e9thode du Dr Bach, est captur\u00e9e dans l&rsquo;eau via la lumi\u00e8re du soleil. La potentialisation de la nature est suivie de la potentialisation de l&rsquo;homme, ainsi elle devient une \u00ab\u00a0essence d&rsquo;une essence\u00a0\u00bb. C&rsquo;est pourquoi MistleTreeEssences peut \u00eatre consid\u00e9r\u00e9e comme la forme la plus \u00e9lev\u00e9e des trois essences.<\/span><\/p>\n","protected":false},"excerpt":{"rendered":"<p>Circle of Life set, 12 x30ml<\/p>\n","protected":false},"featured_media":83559,"comment_status":"closed","ping_status":"closed","template":"","meta":[],"product_brand":[],"product_cat":[518,910,2456],"product_tag":[],"class_list":{"0":"post-41942","1":"product","2":"type-product","3":"status-publish","4":"has-post-thumbnail","6":"product_cat-baldron-essenser","7":"product_cat-circle-of-life-en","8":"product_cat-sett-baldron-misteltree-essences","10":"first","11":"instock","12":"taxable","13":"shipping-taxable","14":"purchasable","15":"product-type-simple"},"_links":{"self":[{"href":"https:\/\/helseforhandleren.no\/fr\/wp-json\/wp\/v2\/product\/41942","targetHints":{"allow":["GET"]}}],"collection":[{"href":"https:\/\/helseforhandleren.no\/fr\/wp-json\/wp\/v2\/product"}],"about":[{"href":"https:\/\/helseforhandleren.no\/fr\/wp-json\/wp\/v2\/types\/product"}],"replies":[{"embeddable":true,"href":"https:\/\/helseforhandleren.no\/fr\/wp-json\/wp\/v2\/comments?post=41942"}],"wp:featuredmedia":[{"embeddable":true,"href":"https:\/\/helseforhandleren.no\/fr\/wp-json\/wp\/v2\/media\/83559"}],"wp:attachment":[{"href":"https:\/\/helseforhandleren.no\/fr\/wp-json\/wp\/v2\/media?parent=41942"}],"wp:term":[{"taxonomy":"product_brand","embeddable":true,"href":"https:\/\/helseforhandleren.no\/fr\/wp-json\/wp\/v2\/product_brand?post=41942"},{"taxonomy":"product_cat","embeddable":true,"href":"https:\/\/helseforhandleren.no\/fr\/wp-json\/wp\/v2\/product_cat?post=41942"},{"taxonomy":"product_tag","embeddable":true,"href":"https:\/\/helseforhandleren.no\/fr\/wp-json\/wp\/v2\/product_tag?post=41942"}],"curies":[{"name":"wp","href":"https:\/\/api.w.org\/{rel}","templated":true}]}}