{"id":45773,"date":"2022-02-04T20:33:13","date_gmt":"2022-02-04T20:33:13","guid":{"rendered":"https:\/\/helseforhandleren.no\/buttik\/non%20class\u00e9\/mte-omega-sett\/"},"modified":"2024-04-05T10:15:43","modified_gmt":"2024-04-05T10:15:43","slug":"mte-omega-sett","status":"publish","type":"product","link":"https:\/\/helseforhandleren.no\/fr\/magasin\/helse-fr-2\/blomsteressenser-fr\/baldron-essenser-fr\/mte-omega-sett\/","title":{"rendered":"MTE Omega Ensable"},"content":{"rendered":"<p>Les \u00e9lixirs om\u00e9ga sont un ensemble de 9 \u00e9lixirs r\u00e9alis\u00e9s durant l&rsquo;ann\u00e9e de P\u00e2ques \u00e0 la Pentec\u00f4te, comme l&rsquo;\u00e9lixir d&rsquo;essence (Gu sur Lindetre). Les \u00e9lixirs om\u00e9ga travaillent en relation avec le social et sont rarement des \u00e9lixirs personnels. Ce sont des essences pour le d\u00e9veloppement de nouvelles communaut\u00e9s sociales. <br \/>\nO 1-9 <\/p>\n","protected":false},"excerpt":{"rendered":"<p>L&rsquo;ensemble Omega est un ensemble polyvalent de 9 essences, l&rsquo;un des ensembles du grand ensemble Pro, mais souvent utilis\u00e9 pour lui-m\u00eame. L&rsquo;ensemble om\u00e9ga est constitu\u00e9 des essences qui composent l&rsquo;anneau int\u00e9rieur du set-up.<\/p>\n","protected":false},"featured_media":84345,"comment_status":"closed","ping_status":"closed","template":"","meta":[],"product_brand":[],"product_cat":[1728,1856],"product_tag":[2137,2136,1733,2135,2138],"class_list":{"0":"post-45773","1":"product","2":"type-product","3":"status-publish","4":"has-post-thumbnail","6":"product_cat-baldron-essenser-fr","7":"product_cat-prosett-fr","8":"product_tag-baldron-mte-fr","9":"product_tag-mistelessenzen-fr","10":"product_tag-misteltein-fr","11":"product_tag-misteltreeessences-fr","12":"product_tag-mitletoe-fr","13":"pa_volum-10-ml-fr","14":"pa_volum-30-ml-fr","16":"first","17":"instock","18":"taxable","19":"shipping-taxable","20":"purchasable","21":"product-type-variable"},"_links":{"self":[{"href":"https:\/\/helseforhandleren.no\/fr\/wp-json\/wp\/v2\/product\/45773","targetHints":{"allow":["GET"]}}],"collection":[{"href":"https:\/\/helseforhandleren.no\/fr\/wp-json\/wp\/v2\/product"}],"about":[{"href":"https:\/\/helseforhandleren.no\/fr\/wp-json\/wp\/v2\/types\/product"}],"replies":[{"embeddable":true,"href":"https:\/\/helseforhandleren.no\/fr\/wp-json\/wp\/v2\/comments?post=45773"}],"wp:featuredmedia":[{"embeddable":true,"href":"https:\/\/helseforhandleren.no\/fr\/wp-json\/wp\/v2\/media\/84345"}],"wp:attachment":[{"href":"https:\/\/helseforhandleren.no\/fr\/wp-json\/wp\/v2\/media?parent=45773"}],"wp:term":[{"taxonomy":"product_brand","embeddable":true,"href":"https:\/\/helseforhandleren.no\/fr\/wp-json\/wp\/v2\/product_brand?post=45773"},{"taxonomy":"product_cat","embeddable":true,"href":"https:\/\/helseforhandleren.no\/fr\/wp-json\/wp\/v2\/product_cat?post=45773"},{"taxonomy":"product_tag","embeddable":true,"href":"https:\/\/helseforhandleren.no\/fr\/wp-json\/wp\/v2\/product_tag?post=45773"}],"curies":[{"name":"wp","href":"https:\/\/api.w.org\/{rel}","templated":true}]}}