{"id":45792,"date":"2021-12-23T11:42:34","date_gmt":"2021-12-23T11:42:34","guid":{"rendered":"https:\/\/helseforhandleren.no\/buttik\/non%20class\u00e9\/mbe-beewell-sett-3stk\/"},"modified":"2024-04-05T10:15:53","modified_gmt":"2024-04-05T10:15:53","slug":"mbe-beewell-sett-3stk","status":"publish","type":"product","link":"https:\/\/helseforhandleren.no\/fr\/magasin\/helse-fr-2\/blomsteressenser-fr\/baldron-essenser-fr\/mbe-beewell-sett-3stk\/","title":{"rendered":"MBE &#8211; BeeWell ensamble (3stk)"},"content":{"rendered":"<p>L&rsquo;ensemble Bee Well est une s\u00e9lection sp\u00e9ciale d&rsquo;essences cl\u00e9s MBE; MBE \u00c2ME 5, MBE Corps 1 et 7. <\/p>\n","protected":false},"excerpt":{"rendered":"<p>L&rsquo;ensemble Bee Well est une s\u00e9lection sp\u00e9ciale d&rsquo;essences cl\u00e9s MBE; MBE \u00c2ME 5, MBE Corps 1 et 7. <\/p>\n","protected":false},"featured_media":84353,"comment_status":"closed","ping_status":"closed","template":"","meta":[],"product_brand":[],"product_cat":[1728,2496,2340,2018],"product_tag":[2149,2014,2151],"class_list":{"0":"post-45792","1":"product","2":"type-product","3":"status-publish","4":"has-post-thumbnail","6":"product_cat-baldron-essenser-fr","7":"product_cat-mbe-mistelbieessenser-baldron-misteltree-essences-fr","8":"product_cat-mbe-mistelbieessenser-fr","9":"product_cat-mbe-sett-fr","10":"product_tag-essens-fr","11":"product_tag-mbe-fr","12":"product_tag-oppstandelse-fr","13":"pa_volum-10-ml-fr","14":"pa_volum-30-ml-fr","16":"first","17":"instock","18":"sold-individually","19":"taxable","20":"shipping-taxable","21":"purchasable","22":"product-type-variable","23":"has-default-attributes"},"_links":{"self":[{"href":"https:\/\/helseforhandleren.no\/fr\/wp-json\/wp\/v2\/product\/45792","targetHints":{"allow":["GET"]}}],"collection":[{"href":"https:\/\/helseforhandleren.no\/fr\/wp-json\/wp\/v2\/product"}],"about":[{"href":"https:\/\/helseforhandleren.no\/fr\/wp-json\/wp\/v2\/types\/product"}],"replies":[{"embeddable":true,"href":"https:\/\/helseforhandleren.no\/fr\/wp-json\/wp\/v2\/comments?post=45792"}],"wp:featuredmedia":[{"embeddable":true,"href":"https:\/\/helseforhandleren.no\/fr\/wp-json\/wp\/v2\/media\/84353"}],"wp:attachment":[{"href":"https:\/\/helseforhandleren.no\/fr\/wp-json\/wp\/v2\/media?parent=45792"}],"wp:term":[{"taxonomy":"product_brand","embeddable":true,"href":"https:\/\/helseforhandleren.no\/fr\/wp-json\/wp\/v2\/product_brand?post=45792"},{"taxonomy":"product_cat","embeddable":true,"href":"https:\/\/helseforhandleren.no\/fr\/wp-json\/wp\/v2\/product_cat?post=45792"},{"taxonomy":"product_tag","embeddable":true,"href":"https:\/\/helseforhandleren.no\/fr\/wp-json\/wp\/v2\/product_tag?post=45792"}],"curies":[{"name":"wp","href":"https:\/\/api.w.org\/{rel}","templated":true}]}}