{"id":45795,"date":"2021-08-27T20:25:39","date_gmt":"2021-08-27T20:25:39","guid":{"rendered":"https:\/\/helseforhandleren.no\/buttik\/non%20class\u00e9\/mbe-baldron-mistlebeeeaster-essenser\/"},"modified":"2024-04-05T10:15:53","modified_gmt":"2024-04-05T10:15:53","slug":"mbe-baldron-mistlebeeeaster-essenser","status":"publish","type":"product","link":"https:\/\/helseforhandleren.no\/fr\/magasin\/helse-fr-2\/blomsteressenser-fr\/baldron-essenser-fr\/mbe-baldron-mistlebeeeaster-essenser\/","title":{"rendered":"MBE &#8211; Body Ensamble (14 stk.)"},"content":{"rendered":"<p> Les \u00e9lixirs Mistletoe Bie sont 14 \u00e9lixirs fabriqu\u00e9s tout au long de l&rsquo;ann\u00e9e de P\u00e2ques 2021 \u00e0 P\u00e2ques 2022, li\u00e9s \u00e0 des moments et des lieux particuliers. <\/p>\n","protected":false},"excerpt":{"rendered":"<p>L&rsquo;ensemble complet pour le corps se compose de 14 fantastiques essences MistelBie, fabriqu\u00e9es \u00e0 partir de P\u00e2ques 2021 tout au long de l&rsquo;ann\u00e9e. Cela inclut d\u00e9sormais \u00e9galement Earth-Mother-Tag (Mother Earth Day), Michaeli, New Year et Holy-Three-Kings Day.<\/p>\n","protected":false},"featured_media":84355,"comment_status":"closed","ping_status":"closed","template":"","meta":[],"product_brand":[],"product_cat":[1728,2018],"product_tag":[2149,2014,2151],"class_list":{"0":"post-45795","1":"product","2":"type-product","3":"status-publish","4":"has-post-thumbnail","6":"product_cat-baldron-essenser-fr","7":"product_cat-mbe-sett-fr","8":"product_tag-essens-fr","9":"product_tag-mbe-fr","10":"product_tag-oppstandelse-fr","11":"pa_volum-10-ml-fr","12":"pa_volum-30-ml-fr","14":"first","15":"instock","16":"sold-individually","17":"taxable","18":"shipping-taxable","19":"purchasable","20":"product-type-variable","21":"has-default-attributes"},"_links":{"self":[{"href":"https:\/\/helseforhandleren.no\/fr\/wp-json\/wp\/v2\/product\/45795","targetHints":{"allow":["GET"]}}],"collection":[{"href":"https:\/\/helseforhandleren.no\/fr\/wp-json\/wp\/v2\/product"}],"about":[{"href":"https:\/\/helseforhandleren.no\/fr\/wp-json\/wp\/v2\/types\/product"}],"replies":[{"embeddable":true,"href":"https:\/\/helseforhandleren.no\/fr\/wp-json\/wp\/v2\/comments?post=45795"}],"wp:featuredmedia":[{"embeddable":true,"href":"https:\/\/helseforhandleren.no\/fr\/wp-json\/wp\/v2\/media\/84355"}],"wp:attachment":[{"href":"https:\/\/helseforhandleren.no\/fr\/wp-json\/wp\/v2\/media?parent=45795"}],"wp:term":[{"taxonomy":"product_brand","embeddable":true,"href":"https:\/\/helseforhandleren.no\/fr\/wp-json\/wp\/v2\/product_brand?post=45795"},{"taxonomy":"product_cat","embeddable":true,"href":"https:\/\/helseforhandleren.no\/fr\/wp-json\/wp\/v2\/product_cat?post=45795"},{"taxonomy":"product_tag","embeddable":true,"href":"https:\/\/helseforhandleren.no\/fr\/wp-json\/wp\/v2\/product_tag?post=45795"}],"curies":[{"name":"wp","href":"https:\/\/api.w.org\/{rel}","templated":true}]}}