{"id":47456,"date":"2022-02-14T15:40:26","date_gmt":"2022-02-14T15:40:26","guid":{"rendered":"https:\/\/helseforhandleren.no\/buttik\/non%20class\u00e9\/epe-conseil-cemprotec-34-elektrosmog-detektor-yshield-edition\/"},"modified":"2024-04-05T10:20:38","modified_gmt":"2024-04-05T10:20:38","slug":"epe-conseil-cemprotec-34-elektrosmog-detektor-yshield-edition","status":"publish","type":"product","link":"https:\/\/helseforhandleren.no\/fr\/magasin\/alt-i-ett-detektor-fr\/epe-conseil-cemprotec-34-elektrosmog-detektor-yshield-edition\/","title":{"rendered":"EPE-Conseil CEMPROTEC 34 | Elektrosmog-Detektor"},"content":{"rendered":"<p>Enhanced analyzer for the use by laymen, to provide a quick overview of the load situation. Concrete measured values won&rsquo;t be displayed, the measurements are indicated with LEDs in ample colors corresponding to the standard of building biology.<\/p>\n<p>During standard mode, the 3 types of fields (electric fields, magnetic fields, electromagnetic fields) are indicated with each 8 LEDs. Whilst using the high-definition mode for high-frequency fields, all 24 LEDs will be available for a particularized display. This is the successor of the popular ESI-series.<\/p>\n<p>Low-frequency electrical fields (LF) from 10 Hz to 5 kHz<br \/>\nLow-frequency magnetic fields (LF) from 10 Hz to 5 kHz<br \/>\nElectromagnetic fields (HF) from 1 MHz to 10 GHz<br \/>\n3D-measuring of magnetic fields (otherwise only available in very expensive devices)<br \/>\nOperating modes: Standard mode, high resolution mode HF<br \/>\nAudio indicator: Sound analysis for easy detection of radiation sources<br \/>\nPower supply: 9 V battery<br \/>\nWeight: 90 g<br \/>\nSize: 178 x 50 x 33 mm<br \/>\nScope of delivery: Detector, battery, short operating manuals in German and English<\/p>\n<p>https:\/\/pdf.yshield.com\/pdf\/epe\/manuel cemprotec34 a5 v4.0 EN.pdf<\/p>\n","protected":false},"excerpt":{"rendered":"<p>Nytt og forbedret allsidig m\u00e5leapparat! N\u00e5 med st\u00f8rre frekvensbredde og stor brukervennlighet &#8211; ogs\u00e5 for deg som ikke er vant til tekniske apparater.<\/p>\n<p>Lavfrekvent m\u00e5ling (LF) fra 10 Hz til 5 kHz<br \/>\nMagnetfelt m\u00e5ling fra 10 Hz til 5 kHz<br \/>\nH\u00f8yfrekvent m\u00e5ling (HF) fra 1 MHz til 10 GHz<br \/>\n3D-m\u00e5ling av magnetfelt(ellers bare mulig med sv\u00e6rt dyre apparater)<\/p>\n","protected":false},"featured_media":84720,"comment_status":"closed","ping_status":"closed","template":"","meta":[],"product_brand":[],"product_cat":[2364],"product_tag":[2365,2366,2367,2368],"class_list":{"0":"post-47456","1":"product","2":"type-product","3":"status-publish","4":"has-post-thumbnail","6":"product_cat-alt-i-ett-detektor-fr","7":"product_tag-detektor-fr","8":"product_tag-emf-fr","9":"product_tag-maleapparat-fr","10":"product_tag-stralingsdetektor-fr","12":"first","13":"instock","14":"downloadable","15":"taxable","16":"shipping-taxable","17":"purchasable","18":"product-type-simple"},"_links":{"self":[{"href":"https:\/\/helseforhandleren.no\/fr\/wp-json\/wp\/v2\/product\/47456","targetHints":{"allow":["GET"]}}],"collection":[{"href":"https:\/\/helseforhandleren.no\/fr\/wp-json\/wp\/v2\/product"}],"about":[{"href":"https:\/\/helseforhandleren.no\/fr\/wp-json\/wp\/v2\/types\/product"}],"replies":[{"embeddable":true,"href":"https:\/\/helseforhandleren.no\/fr\/wp-json\/wp\/v2\/comments?post=47456"}],"wp:featuredmedia":[{"embeddable":true,"href":"https:\/\/helseforhandleren.no\/fr\/wp-json\/wp\/v2\/media\/84720"}],"wp:attachment":[{"href":"https:\/\/helseforhandleren.no\/fr\/wp-json\/wp\/v2\/media?parent=47456"}],"wp:term":[{"taxonomy":"product_brand","embeddable":true,"href":"https:\/\/helseforhandleren.no\/fr\/wp-json\/wp\/v2\/product_brand?post=47456"},{"taxonomy":"product_cat","embeddable":true,"href":"https:\/\/helseforhandleren.no\/fr\/wp-json\/wp\/v2\/product_cat?post=47456"},{"taxonomy":"product_tag","embeddable":true,"href":"https:\/\/helseforhandleren.no\/fr\/wp-json\/wp\/v2\/product_tag?post=47456"}],"curies":[{"name":"wp","href":"https:\/\/api.w.org\/{rel}","templated":true}]}}