{"id":47507,"date":"2023-03-01T17:21:09","date_gmt":"2023-03-01T17:21:09","guid":{"rendered":"https:\/\/helseforhandleren.no\/buttik\/non%20class\u00e9\/maria-magdalena-triade-sett-3-x-30ml\/"},"modified":"2024-04-05T10:21:02","modified_gmt":"2024-04-05T10:21:02","slug":"maria-magdalena-triade-sett-3-x-30ml","status":"publish","type":"product","link":"https:\/\/helseforhandleren.no\/fr\/magasin\/helse-fr-2\/blomsteressenser-fr\/baldron-essenser-fr\/maria-magdalena-triade-sett-3-x-30ml\/","title":{"rendered":"Maria Magdalena sett"},"content":{"rendered":"<h4><span data-ccp-props=\"{&quot;201341983&quot;:0,&quot;335559739&quot;:120,&quot;335559740&quot;:259}\">\u00a0<\/span><span data-contrast=\"none\">Maria Magdalena-essenser: egenskaper og anvendelse<\/span><\/h4>\n<p><strong>1. MM Vann \u00ab\u00a0Arriv\u00e9e\u00a0\u00bb\u00a0<\/strong><br \/>\n<span data-contrast=\"none\">( Marie Mer) &#8211; \u00ab\u00a0Marias ankomst\u00a0\u00bb<\/span><br \/>\n<span data-contrast=\"none\">fra stranden Les Saintes Maries de la Mer (\u00f8st for byen), l\u00f8rdag 19. februar 2023, om morgenen.<\/span><\/p>\n<p><span data-contrast=\"none\">Hennes lys, hennes kraft str\u00e5ler inn i elementenes verden.<\/span><\/p>\n<p><span data-contrast=\"none\">Hun sprer et teppe av lys, en aura over jorden, for hun gir bort sin gjennomtrengelighet til naturen &#8211; og til menneskene i omgivelsene. Veien nedover blir samtidig lysende oppover. Det krever overpersonlig arbeid.<\/span><\/p>\n<p><span data-contrast=\"none\">Den inspirerer oss i dag til \u00e5 bli lysb\u00e6rere. &#8211; Det er en gave og samtidig en forpliktelse til \u00e5 skape de nye kvalitetene i v\u00e5rt indre.<\/span><\/p>\n<p><span data-contrast=\"none\">En hellig feminin kraft som gjennomsyrer alt. &#8211; I dette er naturkreftene oppl\u00f8ftet, de er i sitt eget lys. Resultatet er at man som menneske kan absorbere disse naturkreftene uten \u00e5 n\u00f8le (alt som kan v\u00e6re problematisk ved dem, er renset).<\/span><\/p>\n<p><span data-contrast=\"none\">Havets kraft, i den enkelte dr\u00e5pe. En og alle. Havets kraft beherskes p\u00e5 en feminin m\u00e5te: ikke i en heroisk kamp mot elementene, ikke gjennom teknologi og smarte handlinger, men gjennom hengivenhet, gjennom \u00e5 bli ett med urkraften. P\u00e5 denne m\u00e5ten blir jeg ett med havet, jeg b\u00e6rer det fredelig i meg.<\/span><\/p>\n<p><span data-contrast=\"none\">Dr\u00e5pen gir seg selv til havet, den overf\u00f8rer sin kraft.\u202f<\/span><\/p>\n<p><span data-contrast=\"none\">Evnen til \u00e5 kunne absorbere elementenes urkraft uten \u00e5 bli knust av den, uten \u00e5 stivne i frykt. Det er en viktig evne i dag! For vi trenger enorme krefter for \u00e5 regenerere det levende. N\u00e5r det element\u00e6re n\u00e6rmer seg oss i en opplyst og opplysende form, kan vi absorbere alt uten \u00e5 bekymre oss; \u00c5 kunne absorbere det element\u00e6re og \u00ab\u00a0la det sive inn i oss\u00a0\u00bb i stedet for \u00e5 gj\u00f8re motstand.<\/span><\/p>\n<p><strong>\u00a0MM-triaden\u202f <\/strong><span data-contrast=\"none\">(\u00ab\u00a0Mariavirvel\u00a0\u00bb)<\/span><br \/>\n<span data-contrast=\"none\">(Triangelet av misteltein-essenser som oppsto rundt Maria Magdalenas grotte)<\/span><br \/>\n<span data-contrast=\"none\">S\u00f8ndag morgen 22. februar 2023.\u202f<\/span><\/p>\n<p><span data-contrast=\"none\">Sett opp de tre flaskene som en likesidet trekant om mulig, gjerne i disse himmelretningene:\u202f<\/span><br \/>\n<strong>Stien (Sorbus) misteltein i nord,\u202f\u00a0<\/strong><br \/>\n<strong>Skogens (eik) misteltein i s\u00f8rvest,\u00a0<\/strong><br \/>\n<strong>Grottemistelteinen (Sorbus) i s\u00f8r\u00f8st.\u00a0<\/strong><\/p>\n<p><span data-contrast=\"none\">Samlet effekt av denne treenigheten:<\/span><\/p>\n<p><span data-contrast=\"none\">Ganske annerledes enn den f\u00f8rste essensen av \u00ab\u00a0Marias ankomst\u00a0\u00bb. Levende og pulserende &#8211; og samtidig en livlig krystallinsk struktur, lik en turmalin.<\/span><\/p>\n<p><span data-contrast=\"none\">Innvendig: Evig rom, innadvendthet, stillhet og fred; \u00ab\u00a0essens\u00a0\u00bb i ordets rette forstand.<\/span><\/p>\n<p><span data-contrast=\"none\">En ekstremt kraftig virvelstr\u00f8m mellom de tre essensene. Som det keltiske treenighetssymbolet. I virkeligheten str\u00f8mmer den tredimensjonalt: Den synker ned i et kraftsenter i jordens dyp, samler seg der og str\u00e5ler s\u00e5 opp igjen. Den flyter og pulserer p\u00e5 samme tid, som hjertet.<\/span><\/p>\n<p><span data-contrast=\"none\">Fra den \u00ab\u00a0feminine\u00a0\u00bb kraftsamlingen vokser det ut et \u00ab\u00a0maskulint\u00a0\u00bb utstr\u00e5lende transmisjons-\u00ab\u00a0t\u00e5rn\u00a0\u00bb &#8230; et solid ankerpunkt &#8230; en festning &#8230; Det er som et krystalliseringsfr\u00f8 der det nye kan oppst\u00e5.<\/span><\/p>\n<p><span data-contrast=\"none\">En fremtidig kraft, en \u00e5ndelig fundert trygghet: Fra det helt lille og uanselige forberedes noe som forsiktig, men sikkert vil utfolde seg. I prosessen utvides det gradvis og blir mer og mer kulturdannende. Vesenene i disse essensene b\u00e6rer lange tidsperioder i sin bevissthet.<\/span><\/p>\n<p><span data-contrast=\"none\">En slags \u00ab\u00a0kvinnelig treenighet\u00a0\u00bb:<\/span><br \/>\n<span data-contrast=\"none\"><strong>1.MM Jord (skog)<\/strong> (eikemisteltein fra skogen og p\u00e5 toppen av fjellryggen).\u202f<\/span><br \/>\n<span data-contrast=\"none\">Evighetens kraft; bringer fortiden til oss i sin verdi.<\/span><br \/>\n<span data-contrast=\"none\">\u00c5ndelig: oppstandelsens virkelighet.<\/span><\/p>\n<p><span data-contrast=\"none\"><strong>2. MM Ild (hulen)<\/strong> (Sorbus &#8211; Misteltein foran Maria Magdalenas hule &#8211; Essensen i s\u00f8rvest):<\/span><br \/>\n<span data-contrast=\"none\">Internalisert kj\u00e6rlighet: kraften i n\u00e5tiden.<\/span><br \/>\n<span data-contrast=\"none\">\u00c5ndelig: Aksept av dypet og egne avgrunner.<\/span><\/p>\n<p><span data-contrast=\"none\"><strong>3. MM Lys (stien)<\/strong> (Sorbus &#8211; Misteltein fra oppstigningen til fjellryggen).<\/span><br \/>\n<span data-contrast=\"none\">Gledelig, livlig og inspirerende; l\u00f8fterik for fremtiden!<\/span><br \/>\n<span data-contrast=\"none\">Sjelfull: hjerte-kj\u00e6rlighet-intuisjon.<\/span><br \/>\n<span data-contrast=\"none\">\u2003<\/span><br \/>\n<strong>Overordnet oppstilling i en firkant\u00a0<\/strong><br \/>\n<span data-contrast=\"none\">Oppstilling i henhold til de fire elementene som en firkant\/rombe.<\/span><br \/>\n<span data-contrast=\"none\">\u00ab\u00a0Hule\u00a0\u00bb-essensen flyttes langs midtaksen slik at den vender mot Arriv\u00e9e; Arriv\u00e9e trekkes litt n\u00e6rmere slik at det samtidig dannes en firkant. N\u00e5 arrangeres elementene som f\u00f8lger (om mulig, men ikke n\u00f8dvendigvis i de virkelige himmelretningene; det viktige er firkanten slik at de fire elementene kan utfolde seg i sin kraft):<\/span><\/p>\n<p><strong>i vest (\u00ab\u00a0Forest\u00a0\u00bb) jordelementet, gr\u00f8nt;\u00a0<\/strong><br \/>\n<strong>i nord (\u00ab\u00a0Arriv\u00e9e\u00a0\u00bb) vannelementet, bl\u00e5tt;\u00a0<\/strong><br \/>\n<strong>i \u00f8st (\u00ab\u00a0Cave\u00a0\u00bb) ildelementet, r\u00f8dt;\u00a0<\/strong><br \/>\n<strong>i s\u00f8r (\u00ab\u00a0Veien\u00a0\u00bb) luftelementet, gult;\u00a0<\/strong><\/p>\n<p><span data-contrast=\"none\">N\u00e5r du st\u00e5r i elementkvadranten: St\u00e5 i midten. N\u00e5 skapes en dynamisk str\u00f8m og en sterk opplevelse av de fire elementene oppst\u00e5r:<\/span><br \/>\n<span data-contrast=\"none\">Jord i vest,<\/span><br \/>\n<span data-contrast=\"none\">i nord, vann,<\/span><br \/>\n<span data-contrast=\"none\">i s\u00f8r luft (samtidig opplevelsen av \u00e5 st\u00e5 p\u00e5 et fjell),<\/span><br \/>\n<span data-contrast=\"none\">i \u00f8st ildelementet (\u00ab\u00a0la \u00f8sten tenne deg &#8230;\u00a0\u00bb).<\/span><br \/>\n<span data-contrast=\"none\">En sterk str\u00f8m gjennom de fire punktene skaper en slags firesidig lemniskate &#8211; den velkjente keltiske \u00ab\u00a0triskele\u00a0\u00bb, her i den firesidige varianten.<\/span><br \/>\n<span data-contrast=\"none\">Igjen kan firkanten oppleves b\u00e5de dynamisk og statisk.<\/span><span data-ccp-props=\"{&quot;134233117&quot;:false,&quot;134233118&quot;:false,&quot;201341983&quot;:0,&quot;335551550&quot;:1,&quot;335551620&quot;:1,&quot;335559685&quot;:0,&quot;335559737&quot;:0,&quot;335559738&quot;:0,&quot;335559739&quot;:120,&quot;335559740&quot;:259}\">\u00a0<\/span><\/p>\n<p><span data-contrast=\"none\">Bevegelsene rundt gir et l\u00f8ft. Anordningen f\u00f8rer tilbake til skapelsens begynnelse: tilbake til da elementene enn\u00e5 ikke var skilt fra hverandre, da de befant seg i urkaos (i positiv forstand). Det er nettopp fra denne kraften at nytt liv kan oppst\u00e5!<\/span><br \/>\n<span data-contrast=\"none\">Samtidig kan man kjenne p\u00e5 den nye jordens helbredende kraft, som Maria Magdalena arbeidet s\u00e5 sterkt med i de lange \u00e5rene hun levde i selvvalgt ensomhet i grotten i S\u00f8r-Frankrike.<\/span><\/p>\n<p><span data-contrast=\"none\">Vandring i elementkvadrilateralen<\/span><br \/>\n<span data-contrast=\"none\">\u00c5 g\u00e5 til venstre fra jorden til ilden har en forl\u00f8sende og frigj\u00f8rende effekt!<\/span><br \/>\n<span data-contrast=\"none\">Alts\u00e5 fra jord (formkraft, struktur &#8211; men uten tilstivning) via vann (livsprinsippet) og luft\/lys (bevissthet) til ild (viljens varme). En innvielsesvei gjennom elementene!<\/span><br \/>\n<span data-contrast=\"none\">Det fungerer ogs\u00e5 omvendt, og spesielt i kombinasjon med pentasettet av himmelretningene kan du oppleve en kraftfull inkarnasjonsvei: Fra den kosmiske varmen lander du trinn for trinn, i en omsluttende spiral, p\u00e5 jorden. Ankomst i kroppen.<\/span><\/p>\n","protected":false},"excerpt":{"rendered":"<p>Maria Magdalena sett av 4; MM <strong>Wald(skog-jord)<\/strong>; MM\u00a0 &#8211; <strong>H\u00f6hle(hule-ild)<\/strong>; MM &#8211; <strong>Weg(vei-luft), MM Arriv\u00e9(vann)<\/strong><\/p>\n","protected":false},"featured_media":84742,"comment_status":"closed","ping_status":"closed","template":"","meta":[],"product_brand":[],"product_cat":[1728,1729],"product_tag":[2149,2378,2379],"class_list":{"0":"post-47507","1":"product","2":"type-product","3":"status-publish","4":"has-post-thumbnail","6":"product_cat-baldron-essenser-fr","7":"product_cat-blomsteressenser-2-fr","8":"product_tag-essens-fr","9":"product_tag-maria-magdalena-fr","10":"product_tag-mistle-fr","12":"first","13":"instock","14":"taxable","15":"shipping-taxable","16":"purchasable","17":"product-type-variable"},"_links":{"self":[{"href":"https:\/\/helseforhandleren.no\/fr\/wp-json\/wp\/v2\/product\/47507","targetHints":{"allow":["GET"]}}],"collection":[{"href":"https:\/\/helseforhandleren.no\/fr\/wp-json\/wp\/v2\/product"}],"about":[{"href":"https:\/\/helseforhandleren.no\/fr\/wp-json\/wp\/v2\/types\/product"}],"replies":[{"embeddable":true,"href":"https:\/\/helseforhandleren.no\/fr\/wp-json\/wp\/v2\/comments?post=47507"}],"wp:featuredmedia":[{"embeddable":true,"href":"https:\/\/helseforhandleren.no\/fr\/wp-json\/wp\/v2\/media\/84742"}],"wp:attachment":[{"href":"https:\/\/helseforhandleren.no\/fr\/wp-json\/wp\/v2\/media?parent=47507"}],"wp:term":[{"taxonomy":"product_brand","embeddable":true,"href":"https:\/\/helseforhandleren.no\/fr\/wp-json\/wp\/v2\/product_brand?post=47507"},{"taxonomy":"product_cat","embeddable":true,"href":"https:\/\/helseforhandleren.no\/fr\/wp-json\/wp\/v2\/product_cat?post=47507"},{"taxonomy":"product_tag","embeddable":true,"href":"https:\/\/helseforhandleren.no\/fr\/wp-json\/wp\/v2\/product_tag?post=47507"}],"curies":[{"name":"wp","href":"https:\/\/api.w.org\/{rel}","templated":true}]}}